{"id":11804,"date":"2025-02-10T22:36:28","date_gmt":"2025-02-10T20:36:28","guid":{"rendered":"https:\/\/occident-media.com\/boeken\/die-entstehung-und-entwicklung-der-eurythmie-1923-1924\/"},"modified":"2025-04-30T11:02:45","modified_gmt":"2025-04-30T09:02:45","slug":"die-entstehung-und-entwicklung-der-eurythmie-1923-1924","status":"publish","type":"product","link":"https:\/\/occident-media.com\/fr\/boeken\/die-entstehung-und-entwicklung-der-eurythmie-1923-1924\/","title":{"rendered":"Die Entstehung und Entwicklung der Eurythmie 1923\u20131924\tGA 277d"},"content":{"rendered":"<div id=\"tab-description\" class=\"woocommerce-Tabs-panel woocommerce-Tabs-panel--description panel entry-content wc-tab\" role=\"tabpanel\" aria-labelledby=\"tab-title-description\">\n<p data-id=\"UawQLc3oQjyUWUxtlS6ZJw\" data-root=\"true\" data-slate-node=\"element\"><span data-slate-node=\"text\"><span class=\"id\" data-id=\"RoHcok9LQTW6HBk2nmioBA\" data-slate-leaf=\"true\">Der einstige Band 277, der 1972 unter dem Titel \u00abEurythmie. Die Offenbarung der sprechenden Seele\u00bb, als Auswahlband von Ansprachen Rudolf Steiners zu Eurythmieauffu\u0308hrungen erschien, ist dank des seither aufgefundenen Materials und einer grundlegenden U\u0308berarbeitung zu einer nun vierba\u0308ndigen Ausgabe angewachsen, die sa\u0308mtliche u\u0308berlieferten Eurythmieansprachen Rudolf Steiners entha\u0308lt. <\/span><\/span><\/p>\n<p data-id=\"GXz3n-TCQli7_MHMs1CVYw\" data-root=\"true\" data-slate-node=\"element\"><span data-slate-node=\"text\"><span class=\"id\" data-id=\"IrSEWMI7Sl68zbX6SxZPWg\" data-slate-leaf=\"true\">Band 4 entha\u0308lt nebst den Ansprachen zu den Eurythmieauffu\u0308hrungen auch Auszu\u0308ge aus Vortra\u0308gen, schriftliche Beitra\u0308ge Rudolf Steiners und Briefe, die sich auf einzelne Auffu\u0308hrungen beziehen. Abgebildet werden die publizierten Zeitungsannoncen wie auch Textentwu\u0308rfe Rudolf Steiners und die Programme. Im Anhang finden sich Eurythmie-Fotografien aus der dokumentierten Zeit. <\/span><\/span><\/p>\n<p data-id=\"J3tKJk0TQwKFbPQMRTJqkA\" data-root=\"true\" data-slate-node=\"element\"><span data-slate-node=\"text\"><span class=\"id\" data-id=\"UMIftgedQTGiMlYfvCjcDA\" data-slate-leaf=\"true\">Die vier Ba\u0308nde (Band 1 \/ Band 2 \/ Band 3) bieten einen reichen Fundus. Dieser ermo\u0308glicht einen U\u0308berblick u\u0308ber Rudolf Steiners Ver<\/span><\/span><span data-slate-node=\"text\"><span class=\"id\" data-id=\"M_DNze_oRhu0H03vSvVTeA\" data-slate-leaf=\"true\">sta\u0308ndnis wie auch seine Vermittlung der Eurythmie an ein breites Publikum.<\/span><\/span><\/p>\n<p data-id=\"TrW7OWqsSCWW8hzs_4mo3w\" data-root=\"true\" data-slate-node=\"element\" data-slate-fragment=\"JTVCJTdCJTIyaWQlMjIlM0ElMjJiTlpzZUZ0U1J6S0lxaWhPYzJHNl9BJTIyJTJDJTIydHlwZSUyMiUzQSUyMnVub3JkZXJlZF9saXN0JTIyJTJDJTIyY2hpbGRyZW4lMjIlM0ElNUIlN0IlMjJpZCUyMiUzQSUyMk1nMVBzbndNUzNhQTJ4Qm9LTG41N1ElMjIlMkMlMjJ0eXBlJTIyJTNBJTIybGlzdF9pdGVtJTIyJTJDJTIyY2hpbGRyZW4lMjIlM0ElNUIlN0IlMjJpZCUyMiUzQSUyMlAxMXNUOExnU3dtT3djdHJBMkRaU0ElMjIlMkMlMjJ0eXBlJTIyJTNBJTIycGFyYWdyYXBoJTIyJTJDJTIyY2hpbGRyZW4lMjIlM0ElNUIlN0IlMjJpZCUyMiUzQSUyMkFSUUQ0SW9QVHVPV0Zub0x5cU4zZFElMjIlMkMlMjJ0ZXh0JTIyJTNBJTIyQWJzY2hsdXNzYmFuZCUyMGRlciUyMHVtZmFzc2VuZGVuJTIwRG9rdW1lbnRhdGlvbiUyMHp1ciUyMEV1cnl0aG1pZSUyMCUyMiU3RCU1RCU3RCU1RCU3RCUyQyU3QiUyMmlkJTIyJTNBJTIyWmY3RU5PNDRSZmF2c1pWWmlwNmZGUSUyMiUyQyUyMnR5cGUlMjIlM0ElMjJsaXN0X2l0ZW0lMjIlMkMlMjJjaGlsZHJlbiUyMiUzQSU1QiU3QiUyMmlkJTIyJTNBJTIySldSRVdpdDZSZk9Zdkc3U3Z6U25sZyUyMiUyQyUyMnR5cGUlMjIlM0ElMjJwYXJhZ3JhcGglMjIlMkMlMjJjaGlsZHJlbiUyMiUzQSU1QiU3QiUyMmlkJTIyJTNBJTIyRThLRVF2SXdTVi1aMUFCV3dUQjdNdyUyMiUyQyUyMnRleHQlMjIlM0ElMjJNaXQlMjBzYSVDQyU4OG10bGljaGVuJTIwQW5zcHJhY2hlbiUyQyUyMFpldWduaXNzZW4lMjB1bmQlMjBBbmt1JUNDJTg4bmRpZ3VuZ2VuJTIwZGVyJTIwSmFocmUlMjAxOTIzJUUyJTgwJTkzMTkyNSUyMiU3RCU1RCU3RCU1RCU3RCUyQyU3QiUyMmlkJTIyJTNBJTIyVzBmNVpBLVlUUXVyUjJjUUFhd29DUSUyMiUyQyUyMnR5cGUlMjIlM0ElMjJsaXN0X2l0ZW0lMjIlMkMlMjJjaGlsZHJlbiUyMiUzQSU1QiU3QiUyMmlkJTIyJTNBJTIySXVNUXlwZFhUYUNUcjRObktLUjVlQSUyMiUyQyUyMnR5cGUlMjIlM0ElMjJwYXJhZ3JhcGglMjIlMkMlMjJjaGlsZHJlbiUyMiUzQSU1QiU3QiUyMmlkJTIyJTNBJTIyZG12OGM0X0lUSk9vS2pvdmNBRm9OQSUyMiUyQyUyMnRleHQlMjIlM0ElMjJVbmVybGElQ0MlODhzc2xpY2glMjBmdSVDQyU4OHIlMjBTdHVkaXVtJTJDJTIwUHJheGlzJTIwdW5kJTIwVmVyc3RhJUNDJTg4bmRuaXMlMjBkZXIlMjBFdXJ5dGhtaWUlMjIlN0QlNUQlN0QlNUQlN0QlNUQlN0QlMkMlN0IlMjJpZCUyMiUzQSUyMlVhd1FMYzNvUWp5VVdVeHRsUzZaSnclMjIlMkMlMjJ0eXBlJTIyJTNBJTIycGFyYWdyYXBoJTIyJTJDJTIyY2hpbGRyZW4lMjIlM0ElNUIlN0IlMjJpZCUyMiUzQSUyMlJvSGNvazlMUVRXNkhCazJubWlvQkElMjIlMkMlMjJ0ZXh0JTIyJTNBJTIyRGVyJTIwZWluc3RpZ2UlMjBCYW5kJTIwMjc3JTJDJTIwZGVyJTIwMTk3MiUyMHVudGVyJTIwZGVtJTIwVGl0ZWwlMjAlQzIlQUJFdXJ5dGhtaWUuJTIwRGllJTIwT2ZmZW5iYXJ1bmclMjBkZXIlMjBzcHJlY2hlbmRlbiUyMFNlZWxlJUMyJUJCJTJDJTIwYWxzJTIwQXVzd2FobGJhbmQlMjB2b24lMjBBbnNwcmFjaGVuJTIwUnVkb2xmJTIwU3RlaW5lcnMlMjB6dSUyMEV1cnl0aG1pZWF1ZmZ1JUNDJTg4aHJ1bmdlbiUyMGVyc2NoaWVuJTJDJTIwaXN0JTIwZGFuayUyMGRlcyUyMHNlaXRoZXIlMjBhdWZnZWZ1bmRlbmVuJTIwTWF0ZXJpYWxzJTIwdW5kJTIwZWluZXIlMjBncnVuZGxlZ2VuZGVuJTIwVSVDQyU4OGJlcmFyYmVpdHVuZyUyMHp1JTIwZWluZXIlMjBudW4lMjB2aWVyYmElQ0MlODhuZGlnZW4lMjBBdXNnYWJlJTIwYW5nZXdhY2hzZW4lMkMlMjBkaWUlMjBzYSVDQyU4OG10bGljaGUlMjB1JUNDJTg4YmVybGllZmVydGVuJTIwRXVyeXRobWllYW5zcHJhY2hlbiUyMFJ1ZG9sZiUyMFN0ZWluZXJzJTIwZW50aGElQ0MlODhsdC4lMjAlMjIlN0QlNUQlN0QlMkMlN0IlMjJpZCUyMiUzQSUyMkdYejNuLVRDUWxpN19NSE1zMUNWWXclMjIlMkMlMjJ0eXBlJTIyJTNBJTIycGFyYWdyYXBoJTIyJTJDJTIyY2hpbGRyZW4lMjIlM0ElNUIlN0IlMjJpZCUyMiUzQSUyMklyU0VXTUk3U2w2OHpiWDZTeFpQV2clMjIlMkMlMjJ0ZXh0JTIyJTNBJTIyQmFuZCUyMDQlMjBlbnRoYSVDQyU4OGx0JTIwbmVic3QlMjBkZW4lMjBBbnNwcmFjaGVuJTIwenUlMjBkZW4lMjBFdXJ5dGhtaWVhdWZmdSVDQyU4OGhydW5nZW4lMjBhdWNoJTIwQXVzenUlQ0MlODhnZSUyMGF1cyUyMFZvcnRyYSVDQyU4OGdlbiUyQyUyMHNjaHJpZnRsaWNoZSUyMEJlaXRyYSVDQyU4OGdlJTIwUnVkb2xmJTIwU3RlaW5lcnMlMjB1bmQlMjBCcmllZmUlMkMlMjBkaWUlMjBzaWNoJTIwYXVmJTIwZWluemVsbmUlMjBBdWZmdSVDQyU4OGhydW5nZW4lMjBiZXppZWhlbi4lMjBBYmdlYmlsZGV0JTIwd2VyZGVuJTIwZGllJTIwcHVibGl6aWVydGVuJTIwWmVpdHVuZ3Nhbm5vbmNlbiUyMHdpZSUyMGF1Y2glMjBUZXh0ZW50d3UlQ0MlODhyZmUlMjBSdWRvbGYlMjBTdGVpbmVycyUyMHVuZCUyMGRpZSUyMFByb2dyYW1tZS4lMjBJbSUyMEFuaGFuZyUyMGZpbmRlbiUyMHNpY2glMjBFdXJ5dGhtaWUtRm90b2dyYWZpZW4lMjBhdXMlMjBkZXIlMjBkb2t1bWVudGllcnRlbiUyMFplaXQuJTIwJTIyJTdEJTVEJTdEJTJDJTdCJTIyaWQlMjIlM0ElMjJKM3RLSmswVFF3S0ZiUFFNUlRKcWtBJTIyJTJDJTIydHlwZSUyMiUzQSUyMnBhcmFncmFwaCUyMiUyQyUyMmNoaWxkcmVuJTIyJTNBJTVCJTdCJTIyaWQlMjIlM0ElMjJVTUlmdGdlZFFUR2lNbFlmdkNqY0RBJTIyJTJDJTIydGV4dCUyMiUzQSUyMkRpZSUyMHZpZXIlMjBCYSVDQyU4OG5kZSUyMGJpZXRlbiUyMGVpbmVuJTIwcmVpY2hlbiUyMEZ1bmR1cy4lMjBEaWVzZXIlMjBlcm1vJUNDJTg4Z2xpY2h0JTIwZWluZW4lMjBVJUNDJTg4YmVyYmxpY2slMjB1JUNDJTg4YmVyJTIwUnVkb2xmJTIwU3RlaW5lcnMlMjBWZXIlMjIlN0QlMkMlN0IlMjJpZCUyMiUzQSUyMk1fRE56ZV9vUmh1MEgwM3ZTdlZUZUElMjIlMkMlMjJ0ZXh0JTIyJTNBJTIyc3RhJUNDJTg4bmRuaXMlMjB3aWUlMjBhdWNoJTIwc2VpbmUlMjBWZXJtaXR0bHVuZyUyMGRlciUyMEV1cnl0aG1pZSUyMGFuJTIwZWluJTIwYnJlaXRlcyUyMFB1Ymxpa3VtLiUyMiU3RCU1RCU3RCUyQyU3QiUyMmlkJTIyJTNBJTIyVHJXN09XcXNTQ1dXOGh6c180bW8zdyUyMiUyQyUyMnR5cGUlMjIlM0ElMjJwYXJhZ3JhcGglMjIlMkMlMjJjaGlsZHJlbiUyMiUzQSU1QiU3QiUyMmlkJTIyJTNBJTIyUGo4VmEwcERRMUdwN0pUbkRXa3hrZyUyMiUyQyUyMnRleHQlMjIlM0ElMjIlNUMlMjJXYSVDQyU4OGhyZW5kJTIwYWxzbyUyMGRpZSUyMFNwcmFjaGUlMkMlMjBkaWUlMjBMYXV0c3ByYWNoZSUyQyUyMGR1cmNoJTIwc2ljaCUyMHNlbGJzdCUyMCVFMiU4MCU5MyUyMGR1cmNoJTIwZGFzJTIwSGVyZWluc3RlbGxlbiUyMGRlcyUyME1lbnNjaGVuJTIwaW4lMjBkaWUlMjBTY2h3ZXJlJTIwJUUyJTgwJTkzJTIwenVtJTIwYWJzdHJha3RlbiUyMEF1c2RydWNrc21pdHRlbCUyMHdpcmQlMkMlMjB3aXJkJTIwZGFzamVuaWdlJTJDJTIwd2FzJTIwYXVmJTIwZGllc2UlMjBXZWlzZSUyMHZlcnN1Y2h0JTIwd2lyZCUyQyUyMHdvJTIwaW4lMjBsZWJlbmRpZ2VyJTIwR2VzdGUlMjBkaWUlMjBTY2h3ZXJrcmFmdCUyMGR1cmNoJTIwQXJtZSUyMHVuZCUyMEhhJUNDJTg4bmRlJTIwdSVDQyU4OGJlcnd1bmRlbiUyMHdpcmQlMkMlMjBlcyUyMHdpcmQlMjB6dSUyMGVpbmVyJTIwU3ByYWNoZSUyQyUyMGJlaSUyMGRlciUyMGRlciUyME1lbnNjaCUyMGRhcyUyMEVudGdlZ2VuZ2VzZXR6dGUlMjBlcnJlaWNodCUyMHdpZSUyMGJlaSUyMGRlciUyMExhdXRzcHJhY2hlLiUyMEJlaSUyMGRlciUyMExhdXRzcHJhY2hlJTIwdHJhJUNDJTg4Z3QlMjBlciUyMGRlbiUyMEhpbW1lbCUyMGF1ZiUyMGRpZSUyMEVyZGUlMjBoaW51bnRlciUyMHVuZCUyMGZ1JUNDJTg4Z3QlMjBzb3p1c2FnZW4lMjBkZW4lMjBIaW1tZWwlMjBpbiUyMGRpZSUyMEVyZGUlMjBlaW4uJTIwQmVpJTIwZGVyJTIwRXVyeXRobWllJTJDJTIwd2VsY2hlJTIwenUlMjBpaHJlbiUyMEdlYmElQ0MlODhyZGVub2ZmZW5iYXJ1bmdlbiUyMGtvbW10JTIwZHVyY2glMjBzaW5udm9sbGUlMjBVJUNDJTg4YmVyd2luZHVuZyUyMGRlciUyMFNjaHdlcmUlMjBpbiUyMGRlbSUyMG1lbnNjaGxpY2hlbiUyMEJld2VndW5nc29yZ2FuaXNtdXMlMkMlMjBlbnRyZWklQzMlOUZ0JTIwZGVyJTIwTWVuc2NoJTIwZGVtJTIwSXJkaXNjaGVuJTIwc2VpbiUyMGVpZ2VuZXMlMjBEYXNlaW4lMjB1bmQlMjBkcnUlQ0MlODhja3QlMjBzZWluJTIwU2VlbGlzY2hlcyUyMGluJTIwZGVyJTIwV2Vpc2UlMjBhdXMlMkMlMjBkYXNzJTIwZXIlMjBpbiUyMGplZGVyJTIwZWluemVsbmVuJTIwR2VzdGUlMjBnZXdpc3Nlcm1hJUMzJTlGZW4lMjBiZWtyYSVDQyU4OGZ0aWd0JTNBJTIwSWNoJTIwdHJhZ2UlMjBpbiUyMG1laW5lbSUyMEVyZGVubWVuc2NoZW4lMjBlaW5lbiUyMGhpbW1saXNjaGVuJTIwTWVuc2NoZW4uJTVDJTIyJTIwKFIuJTIwU3RlaW5lciUyQyUyMCUyMiUyQyUyMml0YWxpYyUyMiUzQXRydWUlN0QlMkMlN0IlMjJpZCUyMiUzQSUyMlRRU0h1UUVFUTZHaWs1cFVlSXNmd3clMjIlMkMlMjJ0ZXh0JTIyJTNBJTIyQW5zcHJhY2hlJTIwenVyJTIwRXVyeXRobWllJTJDJTIwRG9ybmFjaCUyQyUyMDguJTIwSnVsaSUyMDE5MjMpJTIyJTdEJTVEJTdEJTVE\"><span data-slate-node=\"text\"><span class=\"id italic\" data-id=\"Pj8Va0pDQ1Gp7JTnDWkxkg\" data-slate-leaf=\"true\"><i>\u201eWa\u0308hrend also die Sprache, die Lautsprache, durch sich selbst \u2013 durch das Hereinstellen des Menschen in die Schwere \u2013 zum abstrakten Ausdrucksmittel wird, wird dasjenige, was auf diese Weise versucht wird, wo in lebendiger Geste die Schwerkraft durch Arme und Ha\u0308nde u\u0308berwunden wird, es wird zu einer Sprache, bei der der Mensch das Entgegengesetzte erreicht wie bei der Lautsprache. Bei der Lautsprache tra\u0308gt er den Himmel auf die Erde hinunter und fu\u0308gt sozusagen den Himmel in die Erde ein. Bei der Eurythmie, welche zu ihren Geba\u0308rdenoffenbarungen kommt durch sinnvolle U\u0308berwindung der Schwere in dem menschlichen Bewegungsorganismus, entrei\u00dft der Mensch dem Irdischen sein eigenes Dasein und dru\u0308ckt sein Seelisches in der Weise aus, dass er in jeder einzelnen Geste gewisserma\u00dfen bekra\u0308ftigt: Ich trage in meinem Erdenmenschen einen himmlischen Menschen.\u201c (R. Steiner, <\/i><\/span><\/span><span data-slate-node=\"text\"><span class=\"id\" data-id=\"TQSHuQEEQ6Gik5pUeIsfww\" data-slate-leaf=\"true\">Ansprache zur Eurythmie, Dornach, 8. Juli 1923)<\/span><\/span><\/p>\n<\/div>\n","protected":false},"excerpt":{"rendered":"<p>Ansprachen, Aufs\u00e4tze und eine Konferenz, Notizbucheintragungen, Ausz\u00fcge aus Vortr\u00e4gen und Briefen, Eurythmieprogramme, Zeitungsinserate und Plakate<\/p>\n","protected":false},"featured_media":5685,"template":"","meta":{"_acf_changed":false},"product_brand":[],"product_cat":[206,208,209],"product_tag":[],"class_list":{"0":"post-11804","1":"product","2":"type-product","3":"status-publish","4":"has-post-thumbnail","6":"product_cat-eurythmie-fr","7":"product_cat-rudolf-steiner-fr","8":"product_cat-rudolf-steiner-gesamtausgabe-fr","10":"first","11":"instock","12":"taxable","13":"shipping-taxable","14":"purchasable","15":"product-type-simple"},"acf":[],"_links":{"self":[{"href":"https:\/\/occident-media.com\/fr\/wp-json\/wp\/v2\/product\/11804","targetHints":{"allow":["GET"]}}],"collection":[{"href":"https:\/\/occident-media.com\/fr\/wp-json\/wp\/v2\/product"}],"about":[{"href":"https:\/\/occident-media.com\/fr\/wp-json\/wp\/v2\/types\/product"}],"version-history":[{"count":3,"href":"https:\/\/occident-media.com\/fr\/wp-json\/wp\/v2\/product\/11804\/revisions"}],"predecessor-version":[{"id":14510,"href":"https:\/\/occident-media.com\/fr\/wp-json\/wp\/v2\/product\/11804\/revisions\/14510"}],"wp:featuredmedia":[{"embeddable":true,"href":"https:\/\/occident-media.com\/fr\/wp-json\/wp\/v2\/media\/5685"}],"wp:attachment":[{"href":"https:\/\/occident-media.com\/fr\/wp-json\/wp\/v2\/media?parent=11804"}],"wp:term":[{"taxonomy":"product_brand","embeddable":true,"href":"https:\/\/occident-media.com\/fr\/wp-json\/wp\/v2\/product_brand?post=11804"},{"taxonomy":"product_cat","embeddable":true,"href":"https:\/\/occident-media.com\/fr\/wp-json\/wp\/v2\/product_cat?post=11804"},{"taxonomy":"product_tag","embeddable":true,"href":"https:\/\/occident-media.com\/fr\/wp-json\/wp\/v2\/product_tag?post=11804"}],"curies":[{"name":"wp","href":"https:\/\/api.w.org\/{rel}","templated":true}]}}