{"id":14173,"date":"2025-02-10T22:36:26","date_gmt":"2025-02-10T20:36:26","guid":{"rendered":"https:\/\/occident-media.com\/boeken\/anthroposophische-padagogik-und-ihre-voraussetzungen\/"},"modified":"2025-02-10T22:36:26","modified_gmt":"2025-02-10T20:36:26","slug":"anthroposophische-padagogik-und-ihre-voraussetzungen","status":"publish","type":"product","link":"https:\/\/occident-media.com\/en\/boeken\/anthroposophische-padagogik-und-ihre-voraussetzungen\/","title":{"rendered":"Anthroposophische P\u00e4dagogik und ihre Voraussetzungen\tGA 309"},"content":{"rendered":"<p>**Inhalt (Auswahl)\u200b**<\/p>\n<p>* Der Vererbungsleib als Modell f\u00fcr den neuen Organismus<\/p>\n<p>* Wirkung des Temperamentes des Lehrers auf den Organismus des Kindes und sp\u00e4teren Erwachsenen<\/p>\n<p>* Wachen als Wintert\u00e4tigkeit, Schlafen als Sommert\u00e4tigkeit im Organismus.<\/p>\n<p>* Vorstellungs\u00fcbungen zur Ausbildung der Denkf\u00e4higkeit<\/p>\n<p>* Lebensmetamorphosen. Seminarbildung<\/p>\n<p>* \u00dcber Nachahmung und Autorit\u00e4t<\/p>\n","protected":false},"excerpt":{"rendered":"<p>**Inhalt (Auswahl)\u200b** * Der Vererbungsleib als Modell f\u00fcr den neuen Organismus * Wirkung des Temperamentes des Lehrers auf den Organismus des Kindes und sp\u00e4teren Erwachsenen * Wachen als Wintert\u00e4tigkeit, Schlafen als Sommert\u00e4tigkeit im Organismus. * Vorstellungs\u00fcbungen zur Ausbildung der Denkf\u00e4higkeit * Lebensmetamorphosen. Seminarbildung * \u00dcber Nachahmung und Autorit\u00e4t<\/p>\n","protected":false},"featured_media":6334,"template":"","meta":{"_acf_changed":false},"product_brand":[],"product_cat":[204,205],"product_tag":[],"class_list":{"0":"post-14173","1":"product","2":"type-product","3":"status-publish","4":"has-post-thumbnail","6":"product_cat-rudolf-steiner-en","7":"product_cat-rudolf-steiner-gesamtausgabe-en","9":"first","10":"instock","11":"taxable","12":"shipping-taxable","13":"purchasable","14":"product-type-simple"},"acf":[],"_links":{"self":[{"href":"https:\/\/occident-media.com\/en\/wp-json\/wp\/v2\/product\/14173","targetHints":{"allow":["GET"]}}],"collection":[{"href":"https:\/\/occident-media.com\/en\/wp-json\/wp\/v2\/product"}],"about":[{"href":"https:\/\/occident-media.com\/en\/wp-json\/wp\/v2\/types\/product"}],"version-history":[{"count":0,"href":"https:\/\/occident-media.com\/en\/wp-json\/wp\/v2\/product\/14173\/revisions"}],"wp:featuredmedia":[{"embeddable":true,"href":"https:\/\/occident-media.com\/en\/wp-json\/wp\/v2\/media\/6334"}],"wp:attachment":[{"href":"https:\/\/occident-media.com\/en\/wp-json\/wp\/v2\/media?parent=14173"}],"wp:term":[{"taxonomy":"product_brand","embeddable":true,"href":"https:\/\/occident-media.com\/en\/wp-json\/wp\/v2\/product_brand?post=14173"},{"taxonomy":"product_cat","embeddable":true,"href":"https:\/\/occident-media.com\/en\/wp-json\/wp\/v2\/product_cat?post=14173"},{"taxonomy":"product_tag","embeddable":true,"href":"https:\/\/occident-media.com\/en\/wp-json\/wp\/v2\/product_tag?post=14173"}],"curies":[{"name":"wp","href":"https:\/\/api.w.org\/{rel}","templated":true}]}}