{"id":12549,"date":"2025-02-10T22:36:49","date_gmt":"2025-02-10T20:36:49","guid":{"rendered":"https:\/\/occident-media.com\/boeken\/christus-und-die-geistige-welt\/"},"modified":"2025-04-15T13:41:22","modified_gmt":"2025-04-15T11:41:22","slug":"christus-und-die-geistige-welt","status":"publish","type":"product","link":"https:\/\/occident-media.com\/en\/boeken\/christus-und-die-geistige-welt\/","title":{"rendered":"Christus und die geistige Welt\tGA 149"},"content":{"rendered":"<div id=\"tab-description\" class=\"woocommerce-Tabs-panel woocommerce-Tabs-panel--description panel entry-content wc-tab\" role=\"tabpanel\" aria-labelledby=\"tab-title-description\">\n<p><strong>Inhalt<\/strong> (Auswahl):<\/p>\n<ul>\n<li>Schwierigkeiten des Verstehens der Christus-Jesus-Wesenheit.<\/li>\n<li>Die Gedanken der Gnostiker<\/li>\n<li>Symptomatische Ausgestaltung einer Seite des menschlichen Seelenerlebens in den Sybillen<\/li>\n<li>Nachwirkungen des dreifachen Christus-Ereignisses.<\/li>\n<li>Chronologie in der Weltanschauung des Zarathustra, Astrologie in den \u00e4gyptischen und chald\u00e4ischen Mysterien, Meteorologie in der griechisch-r\u00f6mischen Zeit<\/li>\n<li>Das Arbeiten des Christusimpulses in den Untergr\u00fcnden der Seele.<\/li>\n<li>Das Aufkommen der Grals-Ideen<\/li>\n<li>Das Lesen der Sternenschrift.<\/li>\n<li>Der Gestirn-Aspekt und der menschliche Aspekt des heiligen Gral<\/li>\n<\/ul>\n<\/div>\n","protected":false},"excerpt":{"rendered":"<p>Von der Suche nach dem heiligen Gral<\/p>\n","protected":false},"featured_media":7104,"template":"","meta":{"_acf_changed":false},"product_brand":[],"product_cat":[204,205],"product_tag":[],"class_list":{"0":"post-12549","1":"product","2":"type-product","3":"status-publish","4":"has-post-thumbnail","6":"product_cat-rudolf-steiner-en","7":"product_cat-rudolf-steiner-gesamtausgabe-en","9":"first","10":"instock","11":"taxable","12":"shipping-taxable","13":"purchasable","14":"product-type-simple"},"acf":[],"_links":{"self":[{"href":"https:\/\/occident-media.com\/en\/wp-json\/wp\/v2\/product\/12549","targetHints":{"allow":["GET"]}}],"collection":[{"href":"https:\/\/occident-media.com\/en\/wp-json\/wp\/v2\/product"}],"about":[{"href":"https:\/\/occident-media.com\/en\/wp-json\/wp\/v2\/types\/product"}],"version-history":[{"count":2,"href":"https:\/\/occident-media.com\/en\/wp-json\/wp\/v2\/product\/12549\/revisions"}],"predecessor-version":[{"id":13147,"href":"https:\/\/occident-media.com\/en\/wp-json\/wp\/v2\/product\/12549\/revisions\/13147"}],"wp:featuredmedia":[{"embeddable":true,"href":"https:\/\/occident-media.com\/en\/wp-json\/wp\/v2\/media\/7104"}],"wp:attachment":[{"href":"https:\/\/occident-media.com\/en\/wp-json\/wp\/v2\/media?parent=12549"}],"wp:term":[{"taxonomy":"product_brand","embeddable":true,"href":"https:\/\/occident-media.com\/en\/wp-json\/wp\/v2\/product_brand?post=12549"},{"taxonomy":"product_cat","embeddable":true,"href":"https:\/\/occident-media.com\/en\/wp-json\/wp\/v2\/product_cat?post=12549"},{"taxonomy":"product_tag","embeddable":true,"href":"https:\/\/occident-media.com\/en\/wp-json\/wp\/v2\/product_tag?post=12549"}],"curies":[{"name":"wp","href":"https:\/\/api.w.org\/{rel}","templated":true}]}}