{"id":5136,"date":"2024-12-23T11:54:20","date_gmt":"2024-12-23T09:54:20","guid":{"rendered":"https:\/\/occident-media.com\/?post_type=product&#038;p=5136"},"modified":"2025-02-21T22:59:45","modified_gmt":"2025-02-21T20:59:45","slug":"freundschaft","status":"publish","type":"product","link":"https:\/\/occident-media.com\/de\/boeken\/freundschaft\/","title":{"rendered":"Freundschaft"},"content":{"rendered":"<p>Jeder wei\u00df, was wahre Freundschaft ist. Nicht jeder wei\u00df, wie man ein wahrer Freund, eine wahre Freundin, ist, aber jeder wei\u00df, won- ach er sich in einer Freundschaft sehnt. Das, wonach man sich sehnt, zeigt genau, was Freundschaft ist. Sich dieser Sehnsucht bewusst zu werden, ist der Inhalt dieses Buches. Jedes Kapitel enth\u00e4lt ein Zitat \u00fcber Freundschaft von gro\u00dfen Denkern und ,Freunden\u2019, sowie eine Besinnungs\u00fcbung.<br \/>\nEs werden viele Aspekte wahrer Freundschaft beschrieben. Vor al- lem aber ert\u00f6nt der Ruf: Was du in der Freundschaft ersehnst, sei es f\u00fcr deinen Freund, deine Freundin, und erwarte es nicht von dem anderen&#8230;<br \/>\n\u201eMartin Buber sieht das gro\u00dfe Ideal des Menschen im Ich und Du. Das lernt man am besten in der Begegnung mit dem Mitmenschen, der auch ein Ich ist, der aber f\u00fcr das Ich des anderen ein Du ist. Das Schrecklichste in der Dreiheit ist, wenn der Mensch zum Es gemacht wird, wenn der Mensch, der Mitmensch, nicht als gleichwertiges Ich, das zum Du geworden ist, weil es ein anderes ist, betrachtet und behandelt wird, sondern als ein Ding, als Es. Dann ist der Tiefpunkt der Begegnungsm\u00f6glichkeiten erreicht.\u201c<\/p>\n","protected":false},"excerpt":{"rendered":"<p>Jeder wei\u00df, was wahre Freundschaft ist. Nicht jeder wei\u00df, wie man ein wahrer Freund, eine wahre Freundin, ist, aber jeder wei\u00df, won- ach er sich in einer Freundschaft sehnt. Das, wonach man sich sehnt, zeigt genau, was Freundschaft ist. Sich dieser Sehnsucht bewusst zu werden, ist der Inhalt dieses Buches. Jedes Kapitel enth\u00e4lt ein Zitat \u00fcber Freundschaft von gro\u00dfen Denkern und ,Freunden\u2019, sowie eine Besinnungs\u00fcbung.<\/p>\n","protected":false},"featured_media":5250,"template":"","meta":{"_acf_changed":false},"product_brand":[],"product_cat":[32,125],"product_tag":[],"class_list":{"0":"post-5136","1":"product","2":"type-product","3":"status-publish","4":"has-post-thumbnail","6":"product_cat-geen-categorie","7":"product_cat-occident-verlag","9":"first","10":"instock","11":"taxable","12":"shipping-taxable","13":"purchasable","14":"product-type-simple"},"acf":[],"_links":{"self":[{"href":"https:\/\/occident-media.com\/de\/wp-json\/wp\/v2\/product\/5136","targetHints":{"allow":["GET"]}}],"collection":[{"href":"https:\/\/occident-media.com\/de\/wp-json\/wp\/v2\/product"}],"about":[{"href":"https:\/\/occident-media.com\/de\/wp-json\/wp\/v2\/types\/product"}],"version-history":[{"count":1,"href":"https:\/\/occident-media.com\/de\/wp-json\/wp\/v2\/product\/5136\/revisions"}],"predecessor-version":[{"id":5165,"href":"https:\/\/occident-media.com\/de\/wp-json\/wp\/v2\/product\/5136\/revisions\/5165"}],"wp:featuredmedia":[{"embeddable":true,"href":"https:\/\/occident-media.com\/de\/wp-json\/wp\/v2\/media\/5250"}],"wp:attachment":[{"href":"https:\/\/occident-media.com\/de\/wp-json\/wp\/v2\/media?parent=5136"}],"wp:term":[{"taxonomy":"product_brand","embeddable":true,"href":"https:\/\/occident-media.com\/de\/wp-json\/wp\/v2\/product_brand?post=5136"},{"taxonomy":"product_cat","embeddable":true,"href":"https:\/\/occident-media.com\/de\/wp-json\/wp\/v2\/product_cat?post=5136"},{"taxonomy":"product_tag","embeddable":true,"href":"https:\/\/occident-media.com\/de\/wp-json\/wp\/v2\/product_tag?post=5136"}],"curies":[{"name":"wp","href":"https:\/\/api.w.org\/{rel}","templated":true}]}}