{"id":5125,"date":"2024-12-23T11:54:19","date_gmt":"2024-12-23T09:54:19","guid":{"rendered":"https:\/\/occident-media.com\/?post_type=product&#038;p=5125"},"modified":"2025-04-07T21:14:19","modified_gmt":"2025-04-07T19:14:19","slug":"suche-das-licht-das-im-abendlande-aufgeht","status":"publish","type":"product","link":"https:\/\/occident-media.com\/de\/boeken\/suche-das-licht-das-im-abendlande-aufgeht\/","title":{"rendered":"Suche das Licht, das im Abendlande aufgeht"},"content":{"rendered":"<p>Angst, Zweifel, Unsicherheit, Krankheit, Tod&#8230; Das sind Ereignisse, die in jedem menschlichen Leben unumg\u00e4nglich sind und in denen keine Weltanschauung, Wissenschaft oder soziales Leben Trost spenden kann. F\u00fcr den Abendl\u00e4nder ist das Denken das Hauptproblem. Durch die Entwicklung der Wissenschaften gibt es heute eine immer weiter wachsende Faktenkenntnis; der Glaube ist \u00fcberholt worden. Wenn wir in Zeiten von Zweifel und Einsamkeit Tr\u00f6stung suchen, m\u00fcssen wir dann dieses Denken verlassen und uns anderen Gebieten des Lebens &#8211; z.B. mehr dem Empfindungs- und Gef\u00fchlsleben &#8211; zuwenden? Oder ist in unserer Verstandeskultur gerade der Verstand selber der Anhaltspunkt f\u00fcr die Entwicklung eines Glaubens durch Wissen?<\/p>\n<p>Es ist der Schritt des Selbst-Erlebens des Denkens, der eine Selbsterkenntnis erm\u00f6glicht, die einerseits einen wissenschaftlichen Charakter annimmt und die andererseits der Weg zu einer modernen Mystik ist.<\/p>\n<p>So t\u00f6nt in dem 21. Jahrhundert die alte Aufforderung an den neuen selbstbewussten Menschen:<\/p>\n<p>Gnothi Seauton<br \/>\nOh Mensch, erkenne dich selbst!<\/p>\n","protected":false},"excerpt":{"rendered":"<p>Angst, Zweifel, Unsicherheit, Krankheit, Tod&#8230; Das sind Ereignisse, die in jedem menschlichen Leben unumg\u00e4nglich sind und in denen keine Weltanschauung, Wissenschaft oder soziales Leben Trost spenden kann. F\u00fcr den Abendl\u00e4nder ist das Denken das Hauptproblem. Durch die Entwicklung der Wissenschaften gibt es heute eine immer weiter wachsende Faktenkenntnis; der Glaube ist \u00fcberholt worden. Wenn wir in Zeiten von Zweifel und Einsamkeit Tr\u00f6stung suchen, m\u00fcssen wir dann dieses Denken verlassen und uns anderen Gebieten des Lebens &#8211; z.B. mehr dem Empfindungs- und Gef\u00fchlsleben &#8211; zuwenden? Oder ist in unserer Verstandeskultur gerade der Verstand selber der Anhaltspunkt f\u00fcr die Entwicklung eines Glaubens durch Wissen?<\/p>\n<p>Es ist der Schritt des Selbst-Erlebens des Denkens, der eine Selbsterkenntnis erm\u00f6glicht, die einerseits einen wissenschaftlichen Charakter annimmt und die andererseits der Weg zu einer modernen Mystik ist.&lt;<\/p>\n","protected":false},"featured_media":4813,"template":"","meta":{"_acf_changed":false},"product_brand":[],"product_cat":[233,239,125,84],"product_tag":[],"class_list":{"0":"post-5125","1":"product","2":"type-product","3":"status-publish","4":"has-post-thumbnail","6":"product_cat-geisteswissenschaft-de","7":"product_cat-meditation-de","8":"product_cat-occident-verlag","9":"product_cat-philosophie","11":"first","12":"instock","13":"taxable","14":"shipping-taxable","15":"purchasable","16":"product-type-simple"},"acf":[],"_links":{"self":[{"href":"https:\/\/occident-media.com\/de\/wp-json\/wp\/v2\/product\/5125","targetHints":{"allow":["GET"]}}],"collection":[{"href":"https:\/\/occident-media.com\/de\/wp-json\/wp\/v2\/product"}],"about":[{"href":"https:\/\/occident-media.com\/de\/wp-json\/wp\/v2\/types\/product"}],"version-history":[{"count":1,"href":"https:\/\/occident-media.com\/de\/wp-json\/wp\/v2\/product\/5125\/revisions"}],"predecessor-version":[{"id":5154,"href":"https:\/\/occident-media.com\/de\/wp-json\/wp\/v2\/product\/5125\/revisions\/5154"}],"wp:featuredmedia":[{"embeddable":true,"href":"https:\/\/occident-media.com\/de\/wp-json\/wp\/v2\/media\/4813"}],"wp:attachment":[{"href":"https:\/\/occident-media.com\/de\/wp-json\/wp\/v2\/media?parent=5125"}],"wp:term":[{"taxonomy":"product_brand","embeddable":true,"href":"https:\/\/occident-media.com\/de\/wp-json\/wp\/v2\/product_brand?post=5125"},{"taxonomy":"product_cat","embeddable":true,"href":"https:\/\/occident-media.com\/de\/wp-json\/wp\/v2\/product_cat?post=5125"},{"taxonomy":"product_tag","embeddable":true,"href":"https:\/\/occident-media.com\/de\/wp-json\/wp\/v2\/product_tag?post=5125"}],"curies":[{"name":"wp","href":"https:\/\/api.w.org\/{rel}","templated":true}]}}