{"id":5068,"date":"2024-12-23T11:54:14","date_gmt":"2024-12-23T09:54:14","guid":{"rendered":"https:\/\/occident-media.com\/?post_type=product&#038;p=5068"},"modified":"2025-04-07T21:14:19","modified_gmt":"2025-04-07T19:14:19","slug":"philosophische-reflexionen-2014-2015","status":"publish","type":"product","link":"https:\/\/occident-media.com\/de\/boeken\/philosophische-reflexionen-2014-2015\/","title":{"rendered":"Philosophische Reflexionen 2014 &#8211; 2015"},"content":{"rendered":"<p>Von verschiedenen Seiten bin ich im letzten halben Jahr gefragt worden, mit einem Blog zu beginnen. Bis jetzt schreibe ich nur B\u00fccher, ausnahmsweise einmal einen Zeitschriftenartikel, ich halte Vortr\u00e4ge und gebe Seminare und Arbeitsgruppen in mehreren europ\u00e4ischen L\u00e4ndern. Den Aufruf, an dem Austausch in den \u201cSocial Media\u201d teilzunehmen, habe ich eine Zeitlang beiseite geschoben. Aber allm\u00e4hlich gew\u00f6hnt man sich doch an die Idee und sieht sogar etwas Positives darin.<\/p>\n<p>Meine philosophischen Reflexionen werden vor allem auf dem fortw\u00e4hrenden Versuch beruhen, die gew\u00f6hnlichen, allt\u00e4glichen \u00dcberlegungen umzukehren, umzust\u00fclpen. Und da man sich als Mensch in der heutigen Zeit nat\u00fcrlich an die Denkstrukturen der Kultur anpasst, in der man aufw\u00e4chst, steckt man irgendwann in diesen Strukturen so fest, wie man auch, je \u00e4lter man wird, in seinem Leib immer starrer feststeckt, wenn man nichts f\u00fcr die Beweglichkeit tut.<\/p>\n<p>Ausgehend von diesem Ideal, dem Umkehren der Denkstrukturen, dem Umst\u00fclpen der Denkstrukturen,\u00a0 beginne ich mit dem Schreiben kurzer Beitr\u00e4ge f\u00fcr einen Blog, und ich w\u00e4hle daf\u00fcr die festgerostete Struktur der Evolutionstheorie als erste Frage&#8230;<\/p>\n","protected":false},"excerpt":{"rendered":"<p>Von verschiedenen Seiten bin ich im letzten halben Jahr gefragt worden, mit einem Blog zu beginnen. Bis jetzt schreibe ich nur B\u00fccher, ausnahmsweise einmal einen Zeitschriftenartikel, ich halte Vortr\u00e4ge und gebe Seminare und Arbeitsgruppen in mehreren europ\u00e4ischen L\u00e4ndern. Den Aufruf, an dem Austausch in den \u201cSocial Media\u201d teilzunehmen, habe ich eine Zeitlang beiseite geschoben. Aber allm\u00e4hlich gew\u00f6hnt man sich doch an die Idee und sieht sogar etwas Positives darin.<\/p>\n","protected":false},"featured_media":4861,"template":"","meta":{"_acf_changed":false},"product_brand":[],"product_cat":[99,125,84],"product_tag":[],"class_list":{"0":"post-5068","1":"product","2":"type-product","3":"status-publish","4":"has-post-thumbnail","6":"product_cat-mieke-mosmuller-de","7":"product_cat-occident-verlag","8":"product_cat-philosophie","10":"first","11":"instock","12":"taxable","13":"shipping-taxable","14":"purchasable","15":"product-type-simple"},"acf":[],"_links":{"self":[{"href":"https:\/\/occident-media.com\/de\/wp-json\/wp\/v2\/product\/5068","targetHints":{"allow":["GET"]}}],"collection":[{"href":"https:\/\/occident-media.com\/de\/wp-json\/wp\/v2\/product"}],"about":[{"href":"https:\/\/occident-media.com\/de\/wp-json\/wp\/v2\/types\/product"}],"version-history":[{"count":1,"href":"https:\/\/occident-media.com\/de\/wp-json\/wp\/v2\/product\/5068\/revisions"}],"predecessor-version":[{"id":5098,"href":"https:\/\/occident-media.com\/de\/wp-json\/wp\/v2\/product\/5068\/revisions\/5098"}],"wp:featuredmedia":[{"embeddable":true,"href":"https:\/\/occident-media.com\/de\/wp-json\/wp\/v2\/media\/4861"}],"wp:attachment":[{"href":"https:\/\/occident-media.com\/de\/wp-json\/wp\/v2\/media?parent=5068"}],"wp:term":[{"taxonomy":"product_brand","embeddable":true,"href":"https:\/\/occident-media.com\/de\/wp-json\/wp\/v2\/product_brand?post=5068"},{"taxonomy":"product_cat","embeddable":true,"href":"https:\/\/occident-media.com\/de\/wp-json\/wp\/v2\/product_cat?post=5068"},{"taxonomy":"product_tag","embeddable":true,"href":"https:\/\/occident-media.com\/de\/wp-json\/wp\/v2\/product_tag?post=5068"}],"curies":[{"name":"wp","href":"https:\/\/api.w.org\/{rel}","templated":true}]}}