{"id":13942,"date":"2025-02-10T22:36:35","date_gmt":"2025-02-10T20:36:35","guid":{"rendered":"https:\/\/occident-media.com\/boeken\/die-anthroposophie-und-ihre-gegner\/"},"modified":"2025-02-10T22:36:35","modified_gmt":"2025-02-10T20:36:35","slug":"die-anthroposophie-und-ihre-gegner","status":"publish","type":"product","link":"https:\/\/occident-media.com\/de\/boeken\/die-anthroposophie-und-ihre-gegner\/","title":{"rendered":"Die Anthroposophie und ihre Gegner\tGA 255b"},"content":{"rendered":"<p>Der Band dokumentiert die Auseinandersetzung Rudolf Steiners mit der v.a. in den Jahren nach dem Ersten Weltkrieg und mit der praktischen Umsetzung p\u00e4dagogischer, wirtschaftlicher und sozialer Projekte militanter werdenden Kritik an der Anthroposophie. Die Angriffe waren unterschiedlich motiviert und kamen von wissenschaftlicher, religi\u00f6ser oder politischer (insbesondere v\u00f6lkischer) Seite. Versammelt sind Ausf\u00fchrungen Steiners vor und nach Vortr\u00e4gen, in Zeitschriften publizierte Richtigstellungen sowie thematische Vortr\u00e4ge. Mit einer Chronik und Kurzbiografien<\/p>\n","protected":false},"excerpt":{"rendered":"<p>Vortr\u00e4ge &#8211; Schlu\u00dfworte &#8211; Mitteilungen &#8211; Richtigstellungen November 1919 bis September 1922<\/p>\n","protected":false},"featured_media":6616,"template":"","meta":{"_acf_changed":false},"product_brand":[],"product_cat":[149,150],"product_tag":[],"class_list":{"0":"post-13942","1":"product","2":"type-product","3":"status-publish","4":"has-post-thumbnail","6":"product_cat-rudolf-steiner-de","7":"product_cat-rudolf-steiner-gesamtausgabe-de","9":"first","10":"instock","11":"taxable","12":"shipping-taxable","13":"purchasable","14":"product-type-simple"},"acf":[],"_links":{"self":[{"href":"https:\/\/occident-media.com\/de\/wp-json\/wp\/v2\/product\/13942","targetHints":{"allow":["GET"]}}],"collection":[{"href":"https:\/\/occident-media.com\/de\/wp-json\/wp\/v2\/product"}],"about":[{"href":"https:\/\/occident-media.com\/de\/wp-json\/wp\/v2\/types\/product"}],"version-history":[{"count":0,"href":"https:\/\/occident-media.com\/de\/wp-json\/wp\/v2\/product\/13942\/revisions"}],"wp:featuredmedia":[{"embeddable":true,"href":"https:\/\/occident-media.com\/de\/wp-json\/wp\/v2\/media\/6616"}],"wp:attachment":[{"href":"https:\/\/occident-media.com\/de\/wp-json\/wp\/v2\/media?parent=13942"}],"wp:term":[{"taxonomy":"product_brand","embeddable":true,"href":"https:\/\/occident-media.com\/de\/wp-json\/wp\/v2\/product_brand?post=13942"},{"taxonomy":"product_cat","embeddable":true,"href":"https:\/\/occident-media.com\/de\/wp-json\/wp\/v2\/product_cat?post=13942"},{"taxonomy":"product_tag","embeddable":true,"href":"https:\/\/occident-media.com\/de\/wp-json\/wp\/v2\/product_tag?post=13942"}],"curies":[{"name":"wp","href":"https:\/\/api.w.org\/{rel}","templated":true}]}}