{"id":13795,"date":"2025-02-10T22:36:41","date_gmt":"2025-02-10T20:36:41","guid":{"rendered":"https:\/\/occident-media.com\/boeken\/mantrische-spruche-seelenubungen-ii\/"},"modified":"2025-02-10T22:36:41","modified_gmt":"2025-02-10T20:36:41","slug":"mantrische-spruche-seelenubungen-ii","status":"publish","type":"product","link":"https:\/\/occident-media.com\/de\/boeken\/mantrische-spruche-seelenubungen-ii\/","title":{"rendered":"Mantrische Spr\u00fcche. Seelen\u00fcbungen II\tGA 268"},"content":{"rendered":"<p>Inhalt<br \/>\nI. Mantrische Spr\u00fcche und Meditationss\u00e4tze. Seelen\u00fcbungen. F\u00fcr die Tage der Woche. Zur St\u00e4rkung der Lebenskr\u00e4fte. Zur Hilfe f\u00fcr andere. Zum Gedenken an Verstorbene.<br \/>\nII. Mantrische Spr\u00fcche f\u00fcr anthroposophische Arbeitszusammenh\u00e4nge.<br \/>\nIII. Freie \u00dcbertragungen biblischer Texte Zum Alten Testament. Zum Neuen Testament. Ansprache zur Grundsteinlegung des Dornacher Baues, 20. September 1913<\/p>\n","protected":false},"excerpt":{"rendered":"<p>1903\u20131925<\/p>\n","protected":false},"featured_media":6536,"template":"","meta":{"_acf_changed":false},"product_brand":[],"product_cat":[149,150],"product_tag":[],"class_list":{"0":"post-13795","1":"product","2":"type-product","3":"status-publish","4":"has-post-thumbnail","6":"product_cat-rudolf-steiner-de","7":"product_cat-rudolf-steiner-gesamtausgabe-de","9":"first","10":"instock","11":"taxable","12":"shipping-taxable","13":"purchasable","14":"product-type-simple"},"acf":[],"_links":{"self":[{"href":"https:\/\/occident-media.com\/de\/wp-json\/wp\/v2\/product\/13795","targetHints":{"allow":["GET"]}}],"collection":[{"href":"https:\/\/occident-media.com\/de\/wp-json\/wp\/v2\/product"}],"about":[{"href":"https:\/\/occident-media.com\/de\/wp-json\/wp\/v2\/types\/product"}],"version-history":[{"count":0,"href":"https:\/\/occident-media.com\/de\/wp-json\/wp\/v2\/product\/13795\/revisions"}],"wp:featuredmedia":[{"embeddable":true,"href":"https:\/\/occident-media.com\/de\/wp-json\/wp\/v2\/media\/6536"}],"wp:attachment":[{"href":"https:\/\/occident-media.com\/de\/wp-json\/wp\/v2\/media?parent=13795"}],"wp:term":[{"taxonomy":"product_brand","embeddable":true,"href":"https:\/\/occident-media.com\/de\/wp-json\/wp\/v2\/product_brand?post=13795"},{"taxonomy":"product_cat","embeddable":true,"href":"https:\/\/occident-media.com\/de\/wp-json\/wp\/v2\/product_cat?post=13795"},{"taxonomy":"product_tag","embeddable":true,"href":"https:\/\/occident-media.com\/de\/wp-json\/wp\/v2\/product_tag?post=13795"}],"curies":[{"name":"wp","href":"https:\/\/api.w.org\/{rel}","templated":true}]}}