{"id":13717,"date":"2025-02-10T22:36:44","date_gmt":"2025-02-10T20:36:44","guid":{"rendered":"https:\/\/occident-media.com\/boeken\/rudolf-steiner-marie-steiner-von-sivers-briefwechsel-und-dokumente-1901-1925\/"},"modified":"2025-02-10T22:36:44","modified_gmt":"2025-02-10T20:36:44","slug":"rudolf-steiner-marie-steiner-von-sivers-briefwechsel-und-dokumente-1901-1925","status":"publish","type":"product","link":"https:\/\/occident-media.com\/de\/boeken\/rudolf-steiner-marie-steiner-von-sivers-briefwechsel-und-dokumente-1901-1925\/","title":{"rendered":"Rudolf Steiner \u2013 Marie Steiner-von Sivers: Briefwechsel und Dokumente 1901-1925\tGA 262"},"content":{"rendered":"<p>Zur Einf\u00fchrung: Aufzeichnungen Rudolf Steiners, geschrieben f\u00fcr Edouard Schur\u00e9 1907 (sog. \u00abDocuments de Barr\u00bb) \/ Briefe und Dokumente 1901 bis 1914 \/ Briefe und Dokumente 1915 bis 1924 \/ Briefe aus der Zeit der Krankheit Rudolf Steiners 1924\/1925 \/ Ausf\u00fchrliche Hinweise \u2013 Reiseverzeichnis \u2013 Personenregister \u2013 Register der Briefe und Dokumente. Mit 4 Abbildungen und zahlreichen Handschriftenwiedergaben von Aufzeichnungen, Spr\u00fcchen sowie aller testamentarischen Verf\u00fcgungen Rudolf Steiners<\/p>\n","protected":false},"excerpt":{"rendered":"<p>Zur Einf\u00fchrung: Aufzeichnungen Rudolf Steiners, geschrieben f\u00fcr Edouard Schur\u00e9 1907 (sog. \u00abDocuments de Barr\u00bb) \/ Briefe und Dokumente 1901 bis 1914 \/ Briefe und Dokumente 1915 bis 1924 \/ Briefe aus der Zeit der Krankheit Rudolf Steiners 1924\/1925 \/ Ausf\u00fchrliche Hinweise \u2013 Reiseverzeichnis \u2013 Personenregister \u2013 Register der Briefe und Dokumente. Mit 4 Abbildungen und [&hellip;]<\/p>\n","protected":false},"featured_media":6581,"template":"","meta":{"_acf_changed":false},"product_brand":[],"product_cat":[149,150],"product_tag":[],"class_list":{"0":"post-13717","1":"product","2":"type-product","3":"status-publish","4":"has-post-thumbnail","6":"product_cat-rudolf-steiner-de","7":"product_cat-rudolf-steiner-gesamtausgabe-de","9":"first","10":"instock","11":"taxable","12":"shipping-taxable","13":"purchasable","14":"product-type-simple"},"acf":[],"_links":{"self":[{"href":"https:\/\/occident-media.com\/de\/wp-json\/wp\/v2\/product\/13717","targetHints":{"allow":["GET"]}}],"collection":[{"href":"https:\/\/occident-media.com\/de\/wp-json\/wp\/v2\/product"}],"about":[{"href":"https:\/\/occident-media.com\/de\/wp-json\/wp\/v2\/types\/product"}],"version-history":[{"count":0,"href":"https:\/\/occident-media.com\/de\/wp-json\/wp\/v2\/product\/13717\/revisions"}],"wp:featuredmedia":[{"embeddable":true,"href":"https:\/\/occident-media.com\/de\/wp-json\/wp\/v2\/media\/6581"}],"wp:attachment":[{"href":"https:\/\/occident-media.com\/de\/wp-json\/wp\/v2\/media?parent=13717"}],"wp:term":[{"taxonomy":"product_brand","embeddable":true,"href":"https:\/\/occident-media.com\/de\/wp-json\/wp\/v2\/product_brand?post=13717"},{"taxonomy":"product_cat","embeddable":true,"href":"https:\/\/occident-media.com\/de\/wp-json\/wp\/v2\/product_cat?post=13717"},{"taxonomy":"product_tag","embeddable":true,"href":"https:\/\/occident-media.com\/de\/wp-json\/wp\/v2\/product_tag?post=13717"}],"curies":[{"name":"wp","href":"https:\/\/api.w.org\/{rel}","templated":true}]}}