{"id":12016,"date":"2025-02-10T22:37:02","date_gmt":"2025-02-10T20:37:02","guid":{"rendered":"https:\/\/occident-media.com\/boeken\/die-stufen-der-hoheren-erkenntnis\/"},"modified":"2025-04-15T13:42:38","modified_gmt":"2025-04-15T11:42:38","slug":"die-stufen-der-hoheren-erkenntnis","status":"publish","type":"product","link":"https:\/\/occident-media.com\/de\/boeken\/die-stufen-der-hoheren-erkenntnis\/","title":{"rendered":"Die Stufen der h\u00f6heren Erkenntnis\tGA 012"},"content":{"rendered":"<p>Der Inhalt dieser Schrift schlie\u00dft an die Ausf\u00fchrungen in \u00abWie erlangt man Erkenntnisse der h\u00f6heren Welten?\u00bb an und f\u00fchrt diese f\u00fcr die h\u00f6heren Erkenntnisgebiete der Imagination, Inspiration und Intuition weiter.<\/p>\n","protected":false},"excerpt":{"rendered":"<p>Der Inhalt dieser Schrift schlie\u00dft an die Ausf\u00fchrungen in \u00abWie erlangt man Erkenntnisse der h\u00f6heren Welten?\u00bb an und f\u00fchrt diese f\u00fcr die h\u00f6heren Erkenntnisgebiete der Imagination, Inspiration und Intuition weiter.<\/p>\n","protected":false},"featured_media":7771,"template":"","meta":{"_acf_changed":false},"product_brand":[],"product_cat":[149,154,150],"product_tag":[],"class_list":{"0":"post-12016","1":"product","2":"type-product","3":"status-publish","4":"has-post-thumbnail","6":"product_cat-rudolf-steiner-de","7":"product_cat-rudolf-steiner-alle-auteurs","8":"product_cat-rudolf-steiner-gesamtausgabe-de","10":"first","11":"instock","12":"taxable","13":"shipping-taxable","14":"purchasable","15":"product-type-simple"},"acf":[],"_links":{"self":[{"href":"https:\/\/occident-media.com\/de\/wp-json\/wp\/v2\/product\/12016","targetHints":{"allow":["GET"]}}],"collection":[{"href":"https:\/\/occident-media.com\/de\/wp-json\/wp\/v2\/product"}],"about":[{"href":"https:\/\/occident-media.com\/de\/wp-json\/wp\/v2\/types\/product"}],"version-history":[{"count":1,"href":"https:\/\/occident-media.com\/de\/wp-json\/wp\/v2\/product\/12016\/revisions"}],"predecessor-version":[{"id":13546,"href":"https:\/\/occident-media.com\/de\/wp-json\/wp\/v2\/product\/12016\/revisions\/13546"}],"wp:featuredmedia":[{"embeddable":true,"href":"https:\/\/occident-media.com\/de\/wp-json\/wp\/v2\/media\/7771"}],"wp:attachment":[{"href":"https:\/\/occident-media.com\/de\/wp-json\/wp\/v2\/media?parent=12016"}],"wp:term":[{"taxonomy":"product_brand","embeddable":true,"href":"https:\/\/occident-media.com\/de\/wp-json\/wp\/v2\/product_brand?post=12016"},{"taxonomy":"product_cat","embeddable":true,"href":"https:\/\/occident-media.com\/de\/wp-json\/wp\/v2\/product_cat?post=12016"},{"taxonomy":"product_tag","embeddable":true,"href":"https:\/\/occident-media.com\/de\/wp-json\/wp\/v2\/product_tag?post=12016"}],"curies":[{"name":"wp","href":"https:\/\/api.w.org\/{rel}","templated":true}]}}